{"id":92,"date":"2026-03-26T09:20:37","date_gmt":"2026-03-26T09:20:37","guid":{"rendered":"http:\/\/weirdmustard.de\/art\/?page_id=92"},"modified":"2026-04-06T06:58:08","modified_gmt":"2026-04-06T06:58:08","slug":"other","status":"publish","type":"page","link":"https:\/\/weirdmustard.de\/art\/other\/","title":{"rendered":"Other"},"content":{"rendered":"\n<p class=\"has-large-font-size\">Whatever doesn&#8217;t fit<\/p>\n\n\n\n<div style=\"height:80px\" aria-hidden=\"true\" class=\"wp-block-spacer\"><\/div>\n\n\n\n<p class=\"has-x-large-font-size\">Comics<\/p>\n\n\n\n<figure class=\"wp-block-gallery has-nested-images columns-default is-cropped wp-block-gallery-1 is-layout-flex wp-block-gallery-is-layout-flex\">\n<figure class=\"wp-block-image size-full has-custom-border\"><img loading=\"lazy\" decoding=\"async\" width=\"2112\" height=\"2239\" data-id=\"154\" src=\"http:\/\/weirdmustard.de\/art\/wp-content\/uploads\/2026\/03\/weirdmustard_lildragon.jpg\" alt=\"comic drawing of a dragon made completely from bones with horns emerging from a cracked egg in an earth mould declaring &quot;wow, no. fuck that.&quot;\" class=\"wp-image-154\" style=\"border-width:2px;border-top-left-radius:0px;border-top-right-radius:0px;border-bottom-left-radius:0px;border-bottom-right-radius:0px\" srcset=\"https:\/\/weirdmustard.de\/art\/wp-content\/uploads\/2026\/03\/weirdmustard_lildragon.jpg 2112w, https:\/\/weirdmustard.de\/art\/wp-content\/uploads\/2026\/03\/weirdmustard_lildragon-283x300.jpg 283w, https:\/\/weirdmustard.de\/art\/wp-content\/uploads\/2026\/03\/weirdmustard_lildragon-966x1024.jpg 966w, https:\/\/weirdmustard.de\/art\/wp-content\/uploads\/2026\/03\/weirdmustard_lildragon-768x814.jpg 768w, https:\/\/weirdmustard.de\/art\/wp-content\/uploads\/2026\/03\/weirdmustard_lildragon-1449x1536.jpg 1449w, https:\/\/weirdmustard.de\/art\/wp-content\/uploads\/2026\/03\/weirdmustard_lildragon-1932x2048.jpg 1932w\" sizes=\"auto, (max-width: 2112px) 100vw, 2112px\" \/><figcaption class=\"wp-element-caption\">&#8222;Lil dragon&#8220;, 2021, pigment liner on standard paper<\/figcaption><\/figure>\n\n\n\n<figure class=\"wp-block-image size-full has-custom-border\"><img loading=\"lazy\" decoding=\"async\" width=\"1864\" height=\"2560\" data-id=\"136\" src=\"http:\/\/weirdmustard.de\/art\/wp-content\/uploads\/2026\/03\/weirdmustard_standoff-scaled.jpg\" alt=\"comic style drawing of a european robin with its hands instead of real wings on its hips and tiny muscles, standoffish and tapping one foot. the robin is clearly angry.\" class=\"wp-image-136\" style=\"border-width:2px;border-top-left-radius:0px;border-top-right-radius:0px;border-bottom-left-radius:0px;border-bottom-right-radius:0px\" srcset=\"https:\/\/weirdmustard.de\/art\/wp-content\/uploads\/2026\/03\/weirdmustard_standoff-scaled.jpg 1864w, https:\/\/weirdmustard.de\/art\/wp-content\/uploads\/2026\/03\/weirdmustard_standoff-218x300.jpg 218w, https:\/\/weirdmustard.de\/art\/wp-content\/uploads\/2026\/03\/weirdmustard_standoff-746x1024.jpg 746w, https:\/\/weirdmustard.de\/art\/wp-content\/uploads\/2026\/03\/weirdmustard_standoff-768x1055.jpg 768w, https:\/\/weirdmustard.de\/art\/wp-content\/uploads\/2026\/03\/weirdmustard_standoff-1118x1536.jpg 1118w, https:\/\/weirdmustard.de\/art\/wp-content\/uploads\/2026\/03\/weirdmustard_standoff-1491x2048.jpg 1491w\" sizes=\"auto, (max-width: 1864px) 100vw, 1864px\" \/><figcaption class=\"wp-element-caption\">&#8222;Stand-off&#8220;, 2020, pigment liner and colored pencil on standard paper<\/figcaption><\/figure>\n<\/figure>\n\n\n\n<figure class=\"wp-block-image size-full has-custom-border\"><img loading=\"lazy\" decoding=\"async\" width=\"2560\" height=\"1273\" src=\"http:\/\/weirdmustard.de\/art\/wp-content\/uploads\/2026\/03\/weirdmustard_katze-scaled.jpg\" alt=\"zwei panel comic. panel 1: &quot;wie meine katze schl\u00e4ft&quot;. eine katze dr\u00fcckt ihren kopf in eine b\u00fcrste w\u00e4hrend alle gliedma\u00dfen in verschiedene richtungen zeigen. panel 2 &quot;wie katzen angeblich schlafen&quot; eine katze gem\u00fctlich zusammengerollt mit dem kopf auf den pfoten abgelegt\" class=\"wp-image-145\" style=\"border-width:2px;border-top-left-radius:0px;border-top-right-radius:0px;border-bottom-left-radius:0px;border-bottom-right-radius:0px\" srcset=\"https:\/\/weirdmustard.de\/art\/wp-content\/uploads\/2026\/03\/weirdmustard_katze-scaled.jpg 2560w, https:\/\/weirdmustard.de\/art\/wp-content\/uploads\/2026\/03\/weirdmustard_katze-300x149.jpg 300w, https:\/\/weirdmustard.de\/art\/wp-content\/uploads\/2026\/03\/weirdmustard_katze-1024x509.jpg 1024w, https:\/\/weirdmustard.de\/art\/wp-content\/uploads\/2026\/03\/weirdmustard_katze-768x382.jpg 768w, https:\/\/weirdmustard.de\/art\/wp-content\/uploads\/2026\/03\/weirdmustard_katze-1536x764.jpg 1536w, https:\/\/weirdmustard.de\/art\/wp-content\/uploads\/2026\/03\/weirdmustard_katze-2048x1018.jpg 2048w\" sizes=\"auto, (max-width: 2560px) 100vw, 2560px\" \/><figcaption class=\"wp-element-caption\">Untitled comic, 2021, pigment liner on standard paper<\/figcaption><\/figure>\n\n\n\n<p class=\"has-x-large-font-size\">Postcards<\/p>\n\n\n\n<p class=\"has-medium-font-size\">Custom postcards sent out to friends over the years.<\/p>\n\n\n\n<figure class=\"wp-block-gallery has-nested-images columns-default is-cropped wp-block-gallery-2 is-layout-flex wp-block-gallery-is-layout-flex\">\n<figure class=\"wp-block-image size-full has-custom-border\"><img loading=\"lazy\" decoding=\"async\" width=\"1877\" height=\"2560\" data-id=\"115\" src=\"http:\/\/weirdmustard.de\/art\/wp-content\/uploads\/2026\/03\/weirdmustard_postcard_01-scaled.jpg\" alt=\"rough painting of a male mallard with its typical green-turquoise shimmery head stand on one leg on some rocks, the background is blue\" class=\"wp-image-115\" style=\"border-width:2px;border-top-left-radius:0px;border-top-right-radius:0px;border-bottom-left-radius:0px;border-bottom-right-radius:0px\" srcset=\"https:\/\/weirdmustard.de\/art\/wp-content\/uploads\/2026\/03\/weirdmustard_postcard_01-scaled.jpg 1877w, https:\/\/weirdmustard.de\/art\/wp-content\/uploads\/2026\/03\/weirdmustard_postcard_01-220x300.jpg 220w, https:\/\/weirdmustard.de\/art\/wp-content\/uploads\/2026\/03\/weirdmustard_postcard_01-751x1024.jpg 751w, https:\/\/weirdmustard.de\/art\/wp-content\/uploads\/2026\/03\/weirdmustard_postcard_01-768x1048.jpg 768w, https:\/\/weirdmustard.de\/art\/wp-content\/uploads\/2026\/03\/weirdmustard_postcard_01-1126x1536.jpg 1126w, https:\/\/weirdmustard.de\/art\/wp-content\/uploads\/2026\/03\/weirdmustard_postcard_01-1501x2048.jpg 1501w\" sizes=\"auto, (max-width: 1877px) 100vw, 1877px\" \/><figcaption class=\"wp-element-caption\">Postcard 01, 2023, acrylic color on blank postcard<\/figcaption><\/figure>\n\n\n\n<figure class=\"wp-block-image size-full has-custom-border\"><img loading=\"lazy\" decoding=\"async\" width=\"1882\" height=\"2560\" data-id=\"168\" src=\"http:\/\/weirdmustard.de\/art\/wp-content\/uploads\/2026\/03\/weirdmustard_postcard_02-scaled.jpg\" alt=\"\" class=\"wp-image-168\" style=\"border-width:2px;border-top-left-radius:0px;border-top-right-radius:0px;border-bottom-left-radius:0px;border-bottom-right-radius:0px\" srcset=\"https:\/\/weirdmustard.de\/art\/wp-content\/uploads\/2026\/03\/weirdmustard_postcard_02-scaled.jpg 1882w, https:\/\/weirdmustard.de\/art\/wp-content\/uploads\/2026\/03\/weirdmustard_postcard_02-221x300.jpg 221w, https:\/\/weirdmustard.de\/art\/wp-content\/uploads\/2026\/03\/weirdmustard_postcard_02-753x1024.jpg 753w, https:\/\/weirdmustard.de\/art\/wp-content\/uploads\/2026\/03\/weirdmustard_postcard_02-768x1045.jpg 768w, https:\/\/weirdmustard.de\/art\/wp-content\/uploads\/2026\/03\/weirdmustard_postcard_02-1129x1536.jpg 1129w, https:\/\/weirdmustard.de\/art\/wp-content\/uploads\/2026\/03\/weirdmustard_postcard_02-1505x2048.jpg 1505w\" sizes=\"auto, (max-width: 1882px) 100vw, 1882px\" \/><figcaption class=\"wp-element-caption\">Postcard #02, 2021, water color and pigment liner on blanko postcard<\/figcaption><\/figure>\n\n\n\n<figure class=\"wp-block-image size-full has-custom-border\"><img loading=\"lazy\" decoding=\"async\" width=\"2560\" height=\"1809\" data-id=\"163\" src=\"http:\/\/weirdmustard.de\/art\/wp-content\/uploads\/2026\/03\/weirdmustard_postcard_03-scaled.jpg\" alt=\"\" class=\"wp-image-163\" style=\"border-width:2px;border-top-left-radius:0px;border-top-right-radius:0px;border-bottom-left-radius:0px;border-bottom-right-radius:0px\" srcset=\"https:\/\/weirdmustard.de\/art\/wp-content\/uploads\/2026\/03\/weirdmustard_postcard_03-scaled.jpg 2560w, https:\/\/weirdmustard.de\/art\/wp-content\/uploads\/2026\/03\/weirdmustard_postcard_03-300x212.jpg 300w, https:\/\/weirdmustard.de\/art\/wp-content\/uploads\/2026\/03\/weirdmustard_postcard_03-1024x724.jpg 1024w, https:\/\/weirdmustard.de\/art\/wp-content\/uploads\/2026\/03\/weirdmustard_postcard_03-768x543.jpg 768w, https:\/\/weirdmustard.de\/art\/wp-content\/uploads\/2026\/03\/weirdmustard_postcard_03-1536x1086.jpg 1536w, https:\/\/weirdmustard.de\/art\/wp-content\/uploads\/2026\/03\/weirdmustard_postcard_03-2048x1447.jpg 2048w\" sizes=\"auto, (max-width: 2560px) 100vw, 2560px\" \/><figcaption class=\"wp-element-caption\">Postcard #03, 2021, pigment liner and colored pencil on blanko postcard<\/figcaption><\/figure>\n<\/figure>\n\n\n\n<figure class=\"wp-block-image size-full has-custom-border\"><img loading=\"lazy\" decoding=\"async\" width=\"2560\" height=\"1845\" src=\"http:\/\/weirdmustard.de\/art\/wp-content\/uploads\/2026\/03\/weirdmustard_postcard_07-scaled.jpg\" alt=\"\" class=\"wp-image-167\" style=\"border-width:2px;border-top-left-radius:0px;border-top-right-radius:0px;border-bottom-left-radius:0px;border-bottom-right-radius:0px\" srcset=\"https:\/\/weirdmustard.de\/art\/wp-content\/uploads\/2026\/03\/weirdmustard_postcard_07-scaled.jpg 2560w, https:\/\/weirdmustard.de\/art\/wp-content\/uploads\/2026\/03\/weirdmustard_postcard_07-300x216.jpg 300w, https:\/\/weirdmustard.de\/art\/wp-content\/uploads\/2026\/03\/weirdmustard_postcard_07-1024x738.jpg 1024w, https:\/\/weirdmustard.de\/art\/wp-content\/uploads\/2026\/03\/weirdmustard_postcard_07-768x553.jpg 768w, https:\/\/weirdmustard.de\/art\/wp-content\/uploads\/2026\/03\/weirdmustard_postcard_07-1536x1107.jpg 1536w, https:\/\/weirdmustard.de\/art\/wp-content\/uploads\/2026\/03\/weirdmustard_postcard_07-2048x1476.jpg 2048w\" sizes=\"auto, (max-width: 2560px) 100vw, 2560px\" \/><figcaption class=\"wp-element-caption\">Postcard #07, 2021, colored pencil and pigment liner on blanko postcard<\/figcaption><\/figure>\n\n\n\n<figure class=\"wp-block-gallery has-nested-images columns-default is-cropped wp-block-gallery-3 is-layout-flex wp-block-gallery-is-layout-flex\">\n<figure class=\"wp-block-image size-full has-custom-border\"><img loading=\"lazy\" decoding=\"async\" width=\"2560\" height=\"1845\" data-id=\"164\" src=\"http:\/\/weirdmustard.de\/art\/wp-content\/uploads\/2026\/03\/weirdmustard_postcard_04-scaled.jpg\" alt=\"\" class=\"wp-image-164\" style=\"border-width:2px;border-top-left-radius:0px;border-top-right-radius:0px;border-bottom-left-radius:0px;border-bottom-right-radius:0px\" srcset=\"https:\/\/weirdmustard.de\/art\/wp-content\/uploads\/2026\/03\/weirdmustard_postcard_04-scaled.jpg 2560w, https:\/\/weirdmustard.de\/art\/wp-content\/uploads\/2026\/03\/weirdmustard_postcard_04-300x216.jpg 300w, https:\/\/weirdmustard.de\/art\/wp-content\/uploads\/2026\/03\/weirdmustard_postcard_04-1024x738.jpg 1024w, https:\/\/weirdmustard.de\/art\/wp-content\/uploads\/2026\/03\/weirdmustard_postcard_04-768x554.jpg 768w, https:\/\/weirdmustard.de\/art\/wp-content\/uploads\/2026\/03\/weirdmustard_postcard_04-1536x1107.jpg 1536w, https:\/\/weirdmustard.de\/art\/wp-content\/uploads\/2026\/03\/weirdmustard_postcard_04-2048x1476.jpg 2048w\" sizes=\"auto, (max-width: 2560px) 100vw, 2560px\" \/><figcaption class=\"wp-element-caption\">Postcard #04, 2022, colored pencil on blanko postcard<\/figcaption><\/figure>\n\n\n\n<figure class=\"wp-block-image size-full has-custom-border\"><img loading=\"lazy\" decoding=\"async\" width=\"2560\" height=\"1879\" data-id=\"165\" src=\"http:\/\/weirdmustard.de\/art\/wp-content\/uploads\/2026\/03\/weirdmustard_postcard_05-scaled.jpg\" alt=\"\" class=\"wp-image-165\" style=\"border-width:2px;border-top-left-radius:0px;border-top-right-radius:0px;border-bottom-left-radius:0px;border-bottom-right-radius:0px\" srcset=\"https:\/\/weirdmustard.de\/art\/wp-content\/uploads\/2026\/03\/weirdmustard_postcard_05-scaled.jpg 2560w, https:\/\/weirdmustard.de\/art\/wp-content\/uploads\/2026\/03\/weirdmustard_postcard_05-300x220.jpg 300w, https:\/\/weirdmustard.de\/art\/wp-content\/uploads\/2026\/03\/weirdmustard_postcard_05-1024x752.jpg 1024w, https:\/\/weirdmustard.de\/art\/wp-content\/uploads\/2026\/03\/weirdmustard_postcard_05-768x564.jpg 768w, https:\/\/weirdmustard.de\/art\/wp-content\/uploads\/2026\/03\/weirdmustard_postcard_05-1536x1127.jpg 1536w, https:\/\/weirdmustard.de\/art\/wp-content\/uploads\/2026\/03\/weirdmustard_postcard_05-2048x1503.jpg 2048w\" sizes=\"auto, (max-width: 2560px) 100vw, 2560px\" \/><figcaption class=\"wp-element-caption\">Postcard #05, 2022, colored pencil and pigment liner on blanko postcard<\/figcaption><\/figure>\n\n\n\n<figure class=\"wp-block-image size-full has-custom-border\"><img loading=\"lazy\" decoding=\"async\" width=\"2560\" height=\"1890\" data-id=\"166\" src=\"http:\/\/weirdmustard.de\/art\/wp-content\/uploads\/2026\/03\/weirdmustard_postcard_06-scaled.jpg\" alt=\"\" class=\"wp-image-166\" style=\"border-width:2px;border-top-left-radius:0px;border-top-right-radius:0px;border-bottom-left-radius:0px;border-bottom-right-radius:0px\" srcset=\"https:\/\/weirdmustard.de\/art\/wp-content\/uploads\/2026\/03\/weirdmustard_postcard_06-scaled.jpg 2560w, https:\/\/weirdmustard.de\/art\/wp-content\/uploads\/2026\/03\/weirdmustard_postcard_06-300x222.jpg 300w, https:\/\/weirdmustard.de\/art\/wp-content\/uploads\/2026\/03\/weirdmustard_postcard_06-1024x756.jpg 1024w, https:\/\/weirdmustard.de\/art\/wp-content\/uploads\/2026\/03\/weirdmustard_postcard_06-768x567.jpg 768w, https:\/\/weirdmustard.de\/art\/wp-content\/uploads\/2026\/03\/weirdmustard_postcard_06-1536x1134.jpg 1536w, https:\/\/weirdmustard.de\/art\/wp-content\/uploads\/2026\/03\/weirdmustard_postcard_06-2048x1512.jpg 2048w\" sizes=\"auto, (max-width: 2560px) 100vw, 2560px\" \/><figcaption class=\"wp-element-caption\">Postcard #06, 2021, pigment liner and colored pencil on blanko postcard<\/figcaption><\/figure>\n<\/figure>\n\n\n\n<p class=\"has-x-large-font-size\">Other stuff<\/p>\n\n\n\n<figure class=\"wp-block-gallery has-nested-images columns-default is-cropped wp-block-gallery-4 is-layout-flex wp-block-gallery-is-layout-flex\">\n<figure class=\"wp-block-image size-full has-custom-border\"><img loading=\"lazy\" decoding=\"async\" width=\"1972\" height=\"2560\" data-id=\"122\" src=\"http:\/\/weirdmustard.de\/art\/wp-content\/uploads\/2026\/03\/weirdmustard_untitled_02-scaled.jpg\" alt=\"Drawing of a fantasy animal. It is some kind of deer with an extremely long neck and skinny long legs. It is violet colored and has a bushy tail.\" class=\"wp-image-122\" style=\"border-width:2px;border-top-left-radius:0px;border-top-right-radius:0px;border-bottom-left-radius:0px;border-bottom-right-radius:0px\" srcset=\"https:\/\/weirdmustard.de\/art\/wp-content\/uploads\/2026\/03\/weirdmustard_untitled_02-scaled.jpg 1972w, https:\/\/weirdmustard.de\/art\/wp-content\/uploads\/2026\/03\/weirdmustard_untitled_02-231x300.jpg 231w, https:\/\/weirdmustard.de\/art\/wp-content\/uploads\/2026\/03\/weirdmustard_untitled_02-789x1024.jpg 789w, https:\/\/weirdmustard.de\/art\/wp-content\/uploads\/2026\/03\/weirdmustard_untitled_02-768x997.jpg 768w, https:\/\/weirdmustard.de\/art\/wp-content\/uploads\/2026\/03\/weirdmustard_untitled_02-1183x1536.jpg 1183w, https:\/\/weirdmustard.de\/art\/wp-content\/uploads\/2026\/03\/weirdmustard_untitled_02-1578x2048.jpg 1578w\" sizes=\"auto, (max-width: 1972px) 100vw, 1972px\" \/><figcaption class=\"wp-element-caption\">Untitled, 2021, colored pencil on bleached sketch paper<\/figcaption><\/figure>\n\n\n\n<figure class=\"wp-block-image size-full has-custom-border\"><img loading=\"lazy\" decoding=\"async\" width=\"1869\" height=\"2560\" data-id=\"121\" src=\"http:\/\/weirdmustard.de\/art\/wp-content\/uploads\/2026\/03\/weirdmustard_untitled_01-scaled.jpg\" alt=\"Portrait of a unicorn wearing a business shirt\" class=\"wp-image-121\" style=\"border-width:2px;border-top-left-radius:0px;border-top-right-radius:0px;border-bottom-left-radius:0px;border-bottom-right-radius:0px\" srcset=\"https:\/\/weirdmustard.de\/art\/wp-content\/uploads\/2026\/03\/weirdmustard_untitled_01-scaled.jpg 1869w, https:\/\/weirdmustard.de\/art\/wp-content\/uploads\/2026\/03\/weirdmustard_untitled_01-219x300.jpg 219w, https:\/\/weirdmustard.de\/art\/wp-content\/uploads\/2026\/03\/weirdmustard_untitled_01-747x1024.jpg 747w, https:\/\/weirdmustard.de\/art\/wp-content\/uploads\/2026\/03\/weirdmustard_untitled_01-768x1052.jpg 768w, https:\/\/weirdmustard.de\/art\/wp-content\/uploads\/2026\/03\/weirdmustard_untitled_01-1121x1536.jpg 1121w, https:\/\/weirdmustard.de\/art\/wp-content\/uploads\/2026\/03\/weirdmustard_untitled_01-1495x2048.jpg 1495w\" sizes=\"auto, (max-width: 1869px) 100vw, 1869px\" \/><figcaption class=\"wp-element-caption\">Untitled, 2021, pencil on bleached sketch paper<\/figcaption><\/figure>\n<\/figure>\n\n\n\n<p><\/p>\n","protected":false},"excerpt":{"rendered":"<p>Whatever doesn&#8217;t fit Comics Postcards Custom postcards sent out to friends over the years. Other stuff<\/p>\n","protected":false},"author":1,"featured_media":0,"parent":0,"menu_order":0,"comment_status":"closed","ping_status":"closed","template":"","meta":{"footnotes":""},"class_list":["post-92","page","type-page","status-publish","hentry"],"_links":{"self":[{"href":"https:\/\/weirdmustard.de\/art\/wp-json\/wp\/v2\/pages\/92","targetHints":{"allow":["GET"]}}],"collection":[{"href":"https:\/\/weirdmustard.de\/art\/wp-json\/wp\/v2\/pages"}],"about":[{"href":"https:\/\/weirdmustard.de\/art\/wp-json\/wp\/v2\/types\/page"}],"author":[{"embeddable":true,"href":"https:\/\/weirdmustard.de\/art\/wp-json\/wp\/v2\/users\/1"}],"replies":[{"embeddable":true,"href":"https:\/\/weirdmustard.de\/art\/wp-json\/wp\/v2\/comments?post=92"}],"version-history":[{"count":19,"href":"https:\/\/weirdmustard.de\/art\/wp-json\/wp\/v2\/pages\/92\/revisions"}],"predecessor-version":[{"id":184,"href":"https:\/\/weirdmustard.de\/art\/wp-json\/wp\/v2\/pages\/92\/revisions\/184"}],"wp:attachment":[{"href":"https:\/\/weirdmustard.de\/art\/wp-json\/wp\/v2\/media?parent=92"}],"curies":[{"name":"wp","href":"https:\/\/api.w.org\/{rel}","templated":true}]}}